{"id":1257,"date":"2013-09-08T22:36:43","date_gmt":"2013-09-08T22:36:43","guid":{"rendered":"http:\/\/escuelajaponesalp.com\/?page_id=1257"},"modified":"2013-09-08T22:36:43","modified_gmt":"2013-09-08T22:36:43","slug":"politica-de-privacidad","status":"publish","type":"page","link":"https:\/\/escuelajaponesalp.com\/?page_id=1257","title":{"rendered":"P\u00f3litica de Privacidad"},"content":{"rendered":"<p style=\"text-align: justify;\"><strong>La Escuela Complementaria Japonesa<\/strong> utiliza programas para la creaci\u00f3n de res\u00famenes estad\u00edsticos, utilizados para el medir el tr\u00e1fico de la Web, determinar especificaciones t\u00e9cnicas de dise\u00f1o y para comprobar el rendimiento del sistema o posibles problemas.  Los detalles personales (p.e. nombre y direcci\u00f3n de correo electr\u00f3nico) solamente se registran para los visitantes que acceden al formulario de contacto.<\/p>\n<p style=\"text-align: justify;\"><strong>La Escuela Complementaria Japonesa<\/strong> no vende, comercia intercambia ni pone a disposici\u00f3n de terceros ning\u00fan tipo de datos personales, salvo autorizaci\u00f3n expresa de los interesados y con fines espec\u00edficos.<\/p>\n<p style=\"text-align: justify;\"><strong>ENLACES:<\/strong> Obs\u00e9rvese que los enlaces a terceros en esta p\u00e1gina website se facilitan s\u00f3lo para comodidad del usuario y no est\u00e1n por tanto bajo el control de <strong>La Escuela Complementaria Japonesa<\/strong>. En particular, estos enlaces a terceros no implican ninguna preferencia por ellos o avalan la calidad de los terceros o de los productos o servicios disponibles en sus p\u00e1ginas web por parte de <strong>La Escuela Complementaria Japonesa<\/strong>.<\/p>\n<p style=\"text-align: justify;\"><strong>La Escuela Complementaria Japonesa<\/strong> no ser\u00e1 considerada responsable en relaci\u00f3n a los contenidos facilitados por terceros y accesibles a trav\u00e9s de v\u00ednculos en esta p\u00e1gina web o de enlaces accesibles desde las p\u00e1ginas web de dichos terceros.<\/p>\n","protected":false},"excerpt":{"rendered":"<p>La Escuela Complementaria Japonesa utiliza programas para la creaci\u00f3n de res\u00famenes estad\u00edsticos, utilizados para el medir el tr\u00e1fico de la Web, determinar especificaciones t\u00e9cnicas de dise\u00f1o y para comprobar el rendimiento del sistema o posibles problemas. Los detalles personales (p.e. nombre y direcci\u00f3n de correo electr\u00f3nico) solamente se registran para los visitantes que acceden al [&hellip;]<\/p>\n","protected":false},"author":1,"featured_media":0,"parent":0,"menu_order":0,"comment_status":"closed","ping_status":"closed","template":"","meta":{"_genesis_hide_title":false,"_genesis_hide_breadcrumbs":false,"_genesis_hide_singular_image":false,"_genesis_hide_footer_widgets":false,"_genesis_custom_body_class":"","_genesis_custom_post_class":"","_genesis_layout":""},"_links":{"self":[{"href":"https:\/\/escuelajaponesalp.com\/index.php?rest_route=\/wp\/v2\/pages\/1257"}],"collection":[{"href":"https:\/\/escuelajaponesalp.com\/index.php?rest_route=\/wp\/v2\/pages"}],"about":[{"href":"https:\/\/escuelajaponesalp.com\/index.php?rest_route=\/wp\/v2\/types\/page"}],"author":[{"embeddable":true,"href":"https:\/\/escuelajaponesalp.com\/index.php?rest_route=\/wp\/v2\/users\/1"}],"replies":[{"embeddable":true,"href":"https:\/\/escuelajaponesalp.com\/index.php?rest_route=%2Fwp%2Fv2%2Fcomments&post=1257"}],"version-history":[{"count":2,"href":"https:\/\/escuelajaponesalp.com\/index.php?rest_route=\/wp\/v2\/pages\/1257\/revisions"}],"predecessor-version":[{"id":1263,"href":"https:\/\/escuelajaponesalp.com\/index.php?rest_route=\/wp\/v2\/pages\/1257\/revisions\/1263"}],"wp:attachment":[{"href":"https:\/\/escuelajaponesalp.com\/index.php?rest_route=%2Fwp%2Fv2%2Fmedia&parent=1257"}],"curies":[{"name":"wp","href":"https:\/\/api.w.org\/{rel}","templated":true}]}}