{"id":1457,"date":"2014-09-20T18:39:02","date_gmt":"2014-09-20T17:39:02","guid":{"rendered":"http:\/\/escuelajaponesalp.com\/?page_id=1457"},"modified":"2022-08-30T01:40:06","modified_gmt":"2022-08-30T00:40:06","slug":"matriculacion","status":"publish","type":"page","link":"https:\/\/escuelajaponesalp.com\/?page_id=1457","title":{"rendered":"Informaci\u00f3n Sobre la Matriculaci\u00f3n"},"content":{"rendered":"<p style=\"text-align: justify;\">Para acceder a nuestros cursos debes matricularte como alumno en nuestra escuela, para ello deber\u00e1s seguir los siguientes pasos seg\u00fan sea tu caso:<\/p>\n<p style=\"text-align: justify;\"><strong>a) Alumnos ya matriculados en cursos anteriores, que contin\u00faan su formaci\u00f3n el curso 2022 \/2023:<\/strong><\/p>\n<p style=\"text-align: justify;\">Los alumnos ya matriculados en el curso 2022\/2023, mantendr\u00e1n la misma cuant\u00eda y condiciones respecto a los a\u00f1os anteriores.<\/p>\n<p>Los horarios de las clases pueden variar, por lo tanto es recomendable revisar por las posibles modificaciones.<\/p>\n<p style=\"text-align: justify;\"><strong>b) Alumnos nuevos con plaza para el curso 2022\/2023:<\/strong><\/p>\n<p style=\"text-align: justify;\">Los nuevos alumnos pueden matricularse de las siguientes formas:<\/p>\n<p style=\"text-align: justify;\"><strong>1.<\/strong>&#8211; Cumplimentar nuestro<a href=\"http:\/\/escuelajaponesalp.com\/?page_id=415\" target=\"_blank\" rel=\"noopener noreferrer\"> formulario de inscripci\u00f3n<\/a>\u00a0seleccionando el curso que quieres realizar. Si necesitas orientaci\u00f3n sobre\u00a0los cursos\u00a0ponte en contacto con nosotros llamando a la escuela (928 223 521) o a trav\u00e9s del e-mail info@escuelajaponesalp.com, antes de enviar el formulario de pre inscripci\u00f3n.<\/p>\n<p style=\"text-align: justify;\"><span style=\"font-family: Thread-000013f8-Id-000005be;\"><strong>2.-\u00a0<\/strong><\/span>Una vez confimada la plaza, pasando por la escuela de lunes a viernes de 16:00 a 20:00 hrs. o el s\u00e1bado de 10:30 a 13:00 hrs. (C.\/ Eduardo Benot, 51 1-B) para firmar la matr\u00edcula y efectuar el pago. Recuerda, para los cursos de Japon\u00e9s N\u00d4KEN con el sistema <strong>JAM<\/strong>\u00a0 35\u20ac en concepto de matriculaci\u00f3n y 55\u20ac \u00a0mensualidad.<\/p>\n<p style=\"text-align: justify;\">Las Clases\u00a0On-Line Individual, tiene un coste de matriculaci\u00f3n de 40\u20ac y 85\u20ac de cuota mensual.<\/p>\n<p>Las clases personalizadas deber\u00e1n tratarse directamente en secretar\u00eda.<\/p>\n<p style=\"text-align: justify;\"><span style=\"font-family: Thread-000013f8-Id-000005be;\"><strong>3.-<\/strong><\/span> Efectuando transferencia bancaria a la cuenta <b>IBAN ES93 2038 7240 6830 0008 7490<\/b>\u00a0, indicando en el ingreso nombre y curso que vas a realizar. El importe conjunto de matr\u00edcula y mensualidad son 90\u20ac para los cursos de Japon\u00e9s N\u00d4KEN con el sistema <strong>JAM<\/strong> y 125\u20ac para las\u00a0Cl\u00e1ses\u00a0On-Line. El primer d\u00eda de clase firmas tu matr\u00edcula.<\/p>\n<p style=\"text-align: justify;\"><span style=\"font-family: Thread-000013f8-Id-000005be;\"><strong>4.-<\/strong><\/span> Llamando a la escuela (928 223 521) y confirmando tu matriculaci\u00f3n. El primer d\u00eda de clase firmar\u00e1s la matr\u00edcula y efectuar\u00e1s el pago.<\/p>\n<p style=\"text-align: justify;\"><strong>C) Alumnos nuevos que quieren incorporarse una vez comenzado el curso:<\/strong><\/p>\n<p style=\"text-align: justify;\">Si estas interesado en aprender el idioma japon\u00e9s despu\u00e9s del 17 de septiembre debes hacer lo siguiente:<\/p>\n<p style=\"text-align: justify;\"><strong>1.-<\/strong> Cumplimentar\u00a0 nuestro<a href=\"http:\/\/escuelajaponesalp.com\/?page_id=415\" target=\"_blank\" rel=\"noopener noreferrer\"> formulario de inscripci\u00f3n<\/a>, seleccionando el curso que quieres realizar. Si necesitas orientaci\u00f3n sobre\u00a0los cursos\u00a0ponte en contacto con nosotros llamando a la escuela (928 223 521) o a trav\u00e9s del e-mail info@escuelajaponesalp.com, antes de enviar el formulario de inscripci\u00f3n.<\/p>\n<p style=\"text-align: justify;\"><strong>2.-<\/strong> Esperar ha ser contactado por e-mail para la incorporaci\u00f3n a las clases.<\/p>\n<p style=\"text-align: justify;\"><strong>3.-<\/strong> Una vez contactado puedes formalizar tu matricula de las siguientes formas:<\/p>\n<p style=\"text-align: justify;\"><span style=\"font-family: Thread-000013f8-Id-000005be;\"><strong>3.1.- <\/strong><\/span>Pasando por la escuela de lunes a viernes de 16:00 a 20:00 hrs. o el s\u00e1bado de 10:30 a 13:00 hrs. (C.\/ Eduardo Benot, 51 1\u00baB) para efectuar el pago. Recuerda, para los cursos de N\u00d4KEN mediante el sistema JAM, 35\u20ac en concepto de matriculaci\u00f3n y 55\u20ac primera mensualidad.<\/p>\n<p style=\"text-align: justify;\">Las clases\u00a0On-Line Individual, tiene un coste de matriculaci\u00f3n de 40\u20ac y 85\u20ac de cuota mensual.<\/p>\n<p style=\"text-align: justify;\"><span style=\"font-family: Thread-000013f8-Id-000005be;\"><strong>3.2.-<\/strong><\/span> Efectuando transferencia bancaria a la cuenta <b>IBAN ES93 2038 7240 6830 0008 7490<\/b>, indicando en el ingreso nombre y curso que vas a realizar . El importe conjunto de matr\u00edcula y mensualidad son 90\u20ac para los cursos de N\u00d2KEN, sistema <strong>JAM<\/strong> y 125\u20ac para las clases\u00a0On-Line. El primer d\u00eda de clase firmas tu matr\u00edcula.<\/p>\n<p style=\"text-align: justify;\"><span style=\"font-family: Thread-000013f8-Id-000005be;\"><strong>3.3.-<\/strong><\/span> Llamando a la escuela (928 223 521) y confirmando tu matriculaci\u00f3n. El primer d\u00eda de clase firmar\u00e1s la matr\u00edcula y efectuar\u00e1s el pago.<\/p>\n","protected":false},"excerpt":{"rendered":"<p>Para acceder a nuestros cursos debes matricularte como alumno en nuestra escuela, para ello deber\u00e1s seguir los siguientes pasos seg\u00fan sea tu caso: a) Alumnos ya matriculados en cursos anteriores, que contin\u00faan su formaci\u00f3n el curso 2022 \/2023: Los alumnos ya matriculados en el curso 2022\/2023, mantendr\u00e1n la misma cuant\u00eda y condiciones respecto a los [&hellip;]<\/p>\n","protected":false},"author":1,"featured_media":0,"parent":0,"menu_order":0,"comment_status":"closed","ping_status":"closed","template":"","meta":{"_genesis_hide_title":false,"_genesis_hide_breadcrumbs":false,"_genesis_hide_singular_image":false,"_genesis_hide_footer_widgets":false,"_genesis_custom_body_class":"","_genesis_custom_post_class":"","_genesis_layout":""},"_links":{"self":[{"href":"https:\/\/escuelajaponesalp.com\/index.php?rest_route=\/wp\/v2\/pages\/1457"}],"collection":[{"href":"https:\/\/escuelajaponesalp.com\/index.php?rest_route=\/wp\/v2\/pages"}],"about":[{"href":"https:\/\/escuelajaponesalp.com\/index.php?rest_route=\/wp\/v2\/types\/page"}],"author":[{"embeddable":true,"href":"https:\/\/escuelajaponesalp.com\/index.php?rest_route=\/wp\/v2\/users\/1"}],"replies":[{"embeddable":true,"href":"https:\/\/escuelajaponesalp.com\/index.php?rest_route=%2Fwp%2Fv2%2Fcomments&post=1457"}],"version-history":[{"count":29,"href":"https:\/\/escuelajaponesalp.com\/index.php?rest_route=\/wp\/v2\/pages\/1457\/revisions"}],"predecessor-version":[{"id":2820,"href":"https:\/\/escuelajaponesalp.com\/index.php?rest_route=\/wp\/v2\/pages\/1457\/revisions\/2820"}],"wp:attachment":[{"href":"https:\/\/escuelajaponesalp.com\/index.php?rest_route=%2Fwp%2Fv2%2Fmedia&parent=1457"}],"curies":[{"name":"wp","href":"https:\/\/api.w.org\/{rel}","templated":true}]}}