{"id":1877,"date":"2014-09-27T08:55:52","date_gmt":"2014-09-27T08:55:52","guid":{"rendered":"http:\/\/escuelajaponesalp.com\/?page_id=1877"},"modified":"2016-02-21T11:19:47","modified_gmt":"2016-02-21T11:19:47","slug":"servicios","status":"publish","type":"page","link":"https:\/\/escuelajaponesalp.com\/?page_id=1877","title":{"rendered":"SERVICIOS"},"content":{"rendered":"<p><strong>TRADUCCI\u00d3N<\/strong><\/p>\n<p style=\"text-align: justify;\">Desde 1980 la\u00a0Escuela complementaria Japonesa viene\u00a0dando servicio a multitud de clientes particulares y empresas. Contamos con\u00a0 profesionales cuya capacidad y experiencia, hacen qu\u00e9, ya sea un manual t\u00e9cnico, un informe financiero o documentos legales, est\u00e9n correctamente traducidos ling\u00fc\u00edstica, t\u00e9cnica y culturalmente, asegurando\u00a0siempre\u00a0 la m\u00e1s estricta confidencialidad sobre los documentos a traducir.<\/p>\n<p style=\"text-align: justify;\">Los servicios que ofrecemos son:<\/p>\n<ul style=\"text-align: justify;\">\n<li><b>Traducciones de Textos<\/b>: documentos generales, manuales, notas de prensa, etc.<\/li>\n<li><b>Traducciones de Ventas o Marketing<\/b>: folletos, publicaciones, presentaciones, comunicaciones corporativas, etc.<\/li>\n<li><b>Traducciones Jur\u00eddicas<\/b>: contratos de trabajo, sentencias o decisiones judiciales, etc.<\/li>\n<li><b>Traducciones T\u00e9cnicas<\/b>: cat\u00e1logos, estudios de mercado, informes de auditor\u00edas, informes financieros, etc.<\/li>\n<li><b>Revisi\u00f3n y correcci\u00f3n de Textos.<\/b><\/li>\n<li><b>Interpretaciones<\/b>. \u00a0consecutivas<\/li>\n<\/ul>\n<p style=\"text-align: justify;\"><strong>GU\u00cdA TURISTICO<\/strong><\/p>\n<p style=\"text-align: justify;\">Ofrecemos un servicio de gu\u00eda tur\u00edstica para grupos de Japoneses en Gran Canaria y en la ciudad de Las Palmas de Gran Canaria.<\/p>\n<p style=\"text-align: justify;\"><strong>ACOMPA\u00d1AMIENTO<\/strong><\/p>\n<p style=\"text-align: justify;\">Realizamos servicios de acompa\u00f1amiento de ciudadanos Japoneses para realizar cualquier tr\u00e1mite en las Administraciones P\u00fablicas o Centros de Salud Espa\u00f1oles en Canarias.<\/p>\n","protected":false},"excerpt":{"rendered":"<p>TRADUCCI\u00d3N Desde 1980 la\u00a0Escuela complementaria Japonesa viene\u00a0dando servicio a multitud de clientes particulares y empresas. Contamos con\u00a0 profesionales cuya capacidad y experiencia, hacen qu\u00e9, ya sea un manual t\u00e9cnico, un informe financiero o documentos legales, est\u00e9n correctamente traducidos ling\u00fc\u00edstica, t\u00e9cnica y culturalmente, asegurando\u00a0siempre\u00a0 la m\u00e1s estricta confidencialidad sobre los documentos a traducir. Los servicios que [&hellip;]<\/p>\n","protected":false},"author":1,"featured_media":0,"parent":0,"menu_order":0,"comment_status":"open","ping_status":"open","template":"","meta":{"_genesis_hide_title":false,"_genesis_hide_breadcrumbs":false,"_genesis_hide_singular_image":false,"_genesis_hide_footer_widgets":false,"_genesis_custom_body_class":"","_genesis_custom_post_class":"","_genesis_layout":""},"_links":{"self":[{"href":"https:\/\/escuelajaponesalp.com\/index.php?rest_route=\/wp\/v2\/pages\/1877"}],"collection":[{"href":"https:\/\/escuelajaponesalp.com\/index.php?rest_route=\/wp\/v2\/pages"}],"about":[{"href":"https:\/\/escuelajaponesalp.com\/index.php?rest_route=\/wp\/v2\/types\/page"}],"author":[{"embeddable":true,"href":"https:\/\/escuelajaponesalp.com\/index.php?rest_route=\/wp\/v2\/users\/1"}],"replies":[{"embeddable":true,"href":"https:\/\/escuelajaponesalp.com\/index.php?rest_route=%2Fwp%2Fv2%2Fcomments&post=1877"}],"version-history":[{"count":2,"href":"https:\/\/escuelajaponesalp.com\/index.php?rest_route=\/wp\/v2\/pages\/1877\/revisions"}],"predecessor-version":[{"id":2051,"href":"https:\/\/escuelajaponesalp.com\/index.php?rest_route=\/wp\/v2\/pages\/1877\/revisions\/2051"}],"wp:attachment":[{"href":"https:\/\/escuelajaponesalp.com\/index.php?rest_route=%2Fwp%2Fv2%2Fmedia&parent=1877"}],"curies":[{"name":"wp","href":"https:\/\/api.w.org\/{rel}","templated":true}]}}