{"id":2137,"date":"2016-06-26T18:20:08","date_gmt":"2016-06-26T17:20:08","guid":{"rendered":"http:\/\/escuelajaponesalp.com\/?page_id=2137"},"modified":"2021-06-08T01:16:52","modified_gmt":"2021-06-08T00:16:52","slug":"2137-2","status":"publish","type":"page","link":"https:\/\/escuelajaponesalp.com\/?page_id=2137","title":{"rendered":"Informaci\u00f3n y Matriculaci\u00f3n"},"content":{"rendered":"<p>La matriculaci\u00f3n es posible durante todo el curso.<\/p>\n<p style=\"text-align: justify;\">Si estas interesado en el aprendizaje de la lengua japonesa aqu\u00ed encontrar\u00e1s informaci\u00f3n sobre la matriculaci\u00f3n, los diferentes cursos y horarios.<\/p>\n<p style=\"text-align: justify;\">Si no encuentras d\u00eda u horario que te venga bien, consulta nuestro programa de clases On-Line.<\/p>\n<h1 style=\"text-align: justify;\"><\/h1>\n<p style=\"text-align: center;\"><a class=\"button\" href=\"https:\/\/escuelajaponesalp.com\/?page_id=1457\" target=\"_blank\" rel=\"noopener\">Informaci\u00f3n<\/a> <a class=\"button\" href=\" http:\/\/escuelajaponesalp.com\/?page_id=2073 \">Horarios <\/a> <a class=\"button\" href=\" http:\/\/escuelajaponesalp.com\/?page_id=415 \">Matr\u00edcula <\/a> <a class=\"button\" href=\"https:\/\/escuelajaponesalp.com\/?page_id=2562\" target=\"_blank\" rel=\"noopener\">Renovaci\u00f3n <\/a><\/p>\n","protected":false},"excerpt":{"rendered":"<p>La matriculaci\u00f3n es posible durante todo el curso. Si estas interesado en el aprendizaje de la lengua japonesa aqu\u00ed encontrar\u00e1s informaci\u00f3n sobre la matriculaci\u00f3n, los diferentes cursos y horarios. Si no encuentras d\u00eda u horario que te venga bien, consulta nuestro programa de clases On-Line. Informaci\u00f3n Horarios Matr\u00edcula Renovaci\u00f3n<\/p>\n","protected":false},"author":1,"featured_media":0,"parent":0,"menu_order":0,"comment_status":"closed","ping_status":"closed","template":"","meta":{"_genesis_hide_title":false,"_genesis_hide_breadcrumbs":false,"_genesis_hide_singular_image":false,"_genesis_hide_footer_widgets":false,"_genesis_custom_body_class":"","_genesis_custom_post_class":"","_genesis_layout":""},"_links":{"self":[{"href":"https:\/\/escuelajaponesalp.com\/index.php?rest_route=\/wp\/v2\/pages\/2137"}],"collection":[{"href":"https:\/\/escuelajaponesalp.com\/index.php?rest_route=\/wp\/v2\/pages"}],"about":[{"href":"https:\/\/escuelajaponesalp.com\/index.php?rest_route=\/wp\/v2\/types\/page"}],"author":[{"embeddable":true,"href":"https:\/\/escuelajaponesalp.com\/index.php?rest_route=\/wp\/v2\/users\/1"}],"replies":[{"embeddable":true,"href":"https:\/\/escuelajaponesalp.com\/index.php?rest_route=%2Fwp%2Fv2%2Fcomments&post=2137"}],"version-history":[{"count":26,"href":"https:\/\/escuelajaponesalp.com\/index.php?rest_route=\/wp\/v2\/pages\/2137\/revisions"}],"predecessor-version":[{"id":2779,"href":"https:\/\/escuelajaponesalp.com\/index.php?rest_route=\/wp\/v2\/pages\/2137\/revisions\/2779"}],"wp:attachment":[{"href":"https:\/\/escuelajaponesalp.com\/index.php?rest_route=%2Fwp%2Fv2%2Fmedia&parent=2137"}],"curies":[{"name":"wp","href":"https:\/\/api.w.org\/{rel}","templated":true}]}}