{"id":2525,"date":"2017-09-13T13:06:40","date_gmt":"2017-09-13T12:06:40","guid":{"rendered":"http:\/\/escuelajaponesalp.com\/?page_id=2525"},"modified":"2021-06-08T01:19:40","modified_gmt":"2021-06-08T00:19:40","slug":"condiciones-del-curso","status":"publish","type":"page","link":"https:\/\/escuelajaponesalp.com\/?page_id=2525","title":{"rendered":"CONDICIONES DEL CURSO"},"content":{"rendered":"<p><strong>1.-<\/strong> El pago anual de la matr\u00edcula es obligatorio para todos los alumnos.<\/p>\n<p><strong>2.-<\/strong> Los pagos de las mensualidades del curso se efectuar\u00e1n del 1 al 5 de cada mes.<\/p>\n<p><strong>3.-<\/strong> El Alumno, al matricularse, se compromete a asistir y a efectuar el pago de todas las mensualidades hasta que finalice el curso, que comprende desde el comienzo del curso hasta que finalice el examen de nivel.<\/p>\n<p>Las mensualidades de diciembre, enero y junio deber\u00e1n abonarse en su totalidad.<\/p>\n<p><strong>4.-<\/strong> La p\u00e9rdida de clases por parte del alumno (enfermedad, ex\u00e1menes, implicaci\u00f3n en otras actividades, etc&#8230;) no eximen del pago de la mensualidad, ni implica la reducci\u00f3n de la tasa; \u00fanicamente es recuperable usando las 2 horas adicionales que reciben para recuperar las clases.<\/p>\n<p>La no asistencia durante un meses seguido, dar\u00e1 lugar a la p\u00e9rdida de la matr\u00edcula.<\/p>\n<p><strong>5.-<\/strong> Si por causas originadas por esta escuela el alumno perdiese alguna clase, \u00e9sta podr\u00e1 recuperarse.<\/p>\n<p><strong>6.-<\/strong> Esta escuela no se responsabiliza de la p\u00e9rdida, robo o deterioro de las propiedades del alumnado.<\/p>\n<p><strong>7.-<\/strong> El horario de clases ha de ser estrictamente respetado. Una vez comenzada la clase el alumno no podr\u00e1 acceder salvo v\u00e1lida justificaci\u00f3n.<\/p>\n<p><strong>8.-<\/strong> Fuera del horario de clases no se permite la permanencia en las aulas.<\/p>\n<p><strong>9.-<\/strong> Se ruega m\u00e1ximo silencio, as\u00ed como respeto por las instalaciones y material de la escuela.<\/p>\n<p><strong>10.-<\/strong> Esta escuela se reserva el derecho de admisi\u00f3n.<\/p>\n","protected":false},"excerpt":{"rendered":"<p>1.- El pago anual de la matr\u00edcula es obligatorio para todos los alumnos. 2.- Los pagos de las mensualidades del curso se efectuar\u00e1n del 1 al 5 de cada mes. 3.- El Alumno, al matricularse, se compromete a asistir y a efectuar el pago de todas las mensualidades hasta que finalice el curso, que comprende [&hellip;]<\/p>\n","protected":false},"author":1,"featured_media":0,"parent":0,"menu_order":0,"comment_status":"closed","ping_status":"closed","template":"","meta":{"_genesis_hide_title":false,"_genesis_hide_breadcrumbs":false,"_genesis_hide_singular_image":false,"_genesis_hide_footer_widgets":false,"_genesis_custom_body_class":"","_genesis_custom_post_class":"","_genesis_layout":""},"_links":{"self":[{"href":"https:\/\/escuelajaponesalp.com\/index.php?rest_route=\/wp\/v2\/pages\/2525"}],"collection":[{"href":"https:\/\/escuelajaponesalp.com\/index.php?rest_route=\/wp\/v2\/pages"}],"about":[{"href":"https:\/\/escuelajaponesalp.com\/index.php?rest_route=\/wp\/v2\/types\/page"}],"author":[{"embeddable":true,"href":"https:\/\/escuelajaponesalp.com\/index.php?rest_route=\/wp\/v2\/users\/1"}],"replies":[{"embeddable":true,"href":"https:\/\/escuelajaponesalp.com\/index.php?rest_route=%2Fwp%2Fv2%2Fcomments&post=2525"}],"version-history":[{"count":6,"href":"https:\/\/escuelajaponesalp.com\/index.php?rest_route=\/wp\/v2\/pages\/2525\/revisions"}],"predecessor-version":[{"id":2782,"href":"https:\/\/escuelajaponesalp.com\/index.php?rest_route=\/wp\/v2\/pages\/2525\/revisions\/2782"}],"wp:attachment":[{"href":"https:\/\/escuelajaponesalp.com\/index.php?rest_route=%2Fwp%2Fv2%2Fmedia&parent=2525"}],"curies":[{"name":"wp","href":"https:\/\/api.w.org\/{rel}","templated":true}]}}