{"id":83,"date":"2011-10-31T20:28:19","date_gmt":"2011-10-31T20:28:19","guid":{"rendered":"http:\/\/escuelajaponesalp.com\/?page_id=83"},"modified":"2017-09-13T13:12:44","modified_gmt":"2017-09-13T12:12:44","slug":"curso-noken","status":"publish","type":"page","link":"https:\/\/escuelajaponesalp.com\/?page_id=83","title":{"rendered":"NOKEN"},"content":{"rendered":"<p style=\"text-align: justify;\"><a href=\"http:\/\/escuelajaponesalp.com\/wp-content\/uploads\/2011\/10\/logotype_c_cmyk.jpg\"><img decoding=\"async\" loading=\"lazy\" class=\"alignleft wp-image-2111\" src=\"http:\/\/escuelajaponesalp.com\/wp-content\/uploads\/2011\/10\/logotype_c_cmyk.jpg\" alt=\"\u008a\u00ee\u0096{ CMYK\" width=\"419\" height=\"153\" srcset=\"https:\/\/escuelajaponesalp.com\/wp-content\/uploads\/2011\/10\/logotype_c_cmyk.jpg 1817w, https:\/\/escuelajaponesalp.com\/wp-content\/uploads\/2011\/10\/logotype_c_cmyk-300x110.jpg 300w, https:\/\/escuelajaponesalp.com\/wp-content\/uploads\/2011\/10\/logotype_c_cmyk-768x281.jpg 768w, https:\/\/escuelajaponesalp.com\/wp-content\/uploads\/2011\/10\/logotype_c_cmyk-1024x375.jpg 1024w\" sizes=\"(max-width: 419px) 100vw, 419px\" \/><\/a>El <a href=\"http:\/\/www.jlpt.es\/Inicio.sca?id=1\" target=\"_blank\" rel=\"noopener\"><strong>Nihongo n\u014dryoku shiken<\/strong><\/a> (\u65e5\u672c\u8a9e\u80fd\u529b\u8a66\u9a13, <em>Examen de Aptitud del Idioma Japon\u00e9s<\/em>),cuya abreviaci\u00f3n es <strong>JLPT<\/strong> por sus siglas en ingl\u00e9s, o bien \u80fd\u8a66 (\u306e\u3046\u3057|<strong>N\u014dShi<\/strong>) o \u80fd\u9a13\uff08\u306e\u3046\u3051\u3093|<strong>N\u014dKen<\/strong> ), sin embargo, esta \u00faltima forma ha caido en desuso (Japanese Language Proficiency Test), es un examen de fluidez y conocimientos del idioma japon\u00e9s, an\u00e1logo al DELE, al TOEFL y al TCF, DELF para el espa\u00f1ol, el ingl\u00e9s y el franc\u00e9s, respectivamente.<\/p>\n<p style=\"text-align: justify;\">Se realiza dos veces por a\u00f1o, el primer domingo de julio y diciembre. El periodo de solicitud de inscripci\u00f3n al examen suele ser durante Marzo-Abril para el examen de julio y agosto-septiembre para el examen de diciembre.<\/p>\n<p style=\"text-align: justify;\">Este examen es organizado mundialmente por la Fundaci\u00f3n Jap\u00f3n y la Japan Educational Exchanges and Services (JEES) y se celebra en varios pa\u00edses a trav\u00e9s de organizaciones autorizadas, en el caso de Espa\u00f1a los ex\u00e1menes son en Madrid, Barcelona, Santiago de Compostela, Granada y Las Palmas de Gran Canaria, a trav\u00e9s de la Fundaci\u00f3n Jap\u00f3n.<\/p>\n<p style=\"text-align: justify;\">A partir del a\u00f1o 2010 el examen se divide en cinco niveles desde el N1 al N5 (<strong>N<\/strong> por <em><strong>N<\/strong>ihongo<\/em> y <em><strong>N<\/strong>ew<\/em>), siendo N1 el m\u00e1s avanzado y N5 el nivel para principiantes. Cada participante puede optar a un \u00fanico nivel en cada examen, y no necesariamente consecutivos, pudiendo presentarse al que cada persona crea conveniente. La modificaci\u00f3n apunta a una aplicaci\u00f3n m\u00e1s pr\u00e1ctica del uso del idioma. Los niveles son aproximadamente similares, con la inclusi\u00f3n de un nuevo nivel N3 ubicado entre el antiguo 3\u7d1a y 2\u7d1a (i.e. N1, N2, N4 y N5 equivalen a los antiguos 1\u7d1a, 2\u7d1a, 3\u7d1a y 4\u7d1a respectivamente).<\/p>\n<p style=\"text-align: justify;\">No se publicar\u00e1n las especificaciones oficiales de los niveles como se hac\u00eda anteriormente, pues se desalienta el estudio a trav\u00e9s de memorizaci\u00f3n de listas de kanji y vocabulario.<\/p>\n<p style=\"text-align: justify;\">Para aprobar el examen se debe alcanzar una calificaci\u00f3n m\u00ednima total y parcial en cada secci\u00f3n, a diferencia del sistema anterior donde s\u00f3lo se consideraba la calificaci\u00f3n total.<\/p>\n<h3 style=\"text-align: justify;\">Secciones del examen<\/h3>\n<p style=\"text-align: justify;\">A partir del 2010 entra en vigencia la revisi\u00f3n del <em>Nihongo n\u014dryoku shiken<\/em>.<\/p>\n<p style=\"text-align: justify;\">Se mantiene la metodolog\u00eda del sistema anterior, con preguntas <em>multiple-choice<\/em> sin sustracci\u00f3n de puntos por error. No se requiere que el examinado escriba o hable en japon\u00e9s en cada uno de los niveles. El examen se divide en tres \u00e1reas.<\/p>\n<blockquote>\n<ul>\n<li style=\"text-align: justify;\">\u8a00\u8a9e\u77e5\u8b58\u3000(gengo chishiki). &#8220;Conocimiento del lenguaje&#8221;. Engloba kanji, vocabulario y gram\u00e1tica.<\/li>\n<li style=\"text-align: justify;\">\u8aad\u89e3\u3000(dokkai) &#8220;Comprensi\u00f3n de texto&#8221;.<\/li>\n<li style=\"text-align: justify;\">\u8074\u89e3 (ch\u00f4kai) &#8220;Comprensi\u00f3n auditiva&#8221;.<\/li>\n<\/ul>\n<\/blockquote>\n<h3 style=\"text-align: justify;\">Matriculaci\u00f3n en la Escuela Complementaria Japonesa de Las Palmas de Gran Canaria<\/h3>\n<p style=\"text-align: justify;\">En el caso de alumnos que no han tenido un primer contacto con el idioma japon\u00e9s, cumplimentar el <a href=\"http:\/\/escuelajaponesalp.com\/?page_id=415\" target=\"_blank\" rel=\"noopener\">formulario de inscripci\u00f3n <\/a>que encontrar\u00e1s en esta misma web.<\/p>\n<p style=\"text-align: justify;\">En el caso de haber recibido estudios de idioma, ponerse en <a href=\"http:\/\/escuelajaponesalp.com\/?page_id=65\" target=\"_blank\" rel=\"noopener\">contacto<\/a> con la escuela y pedir cita, para evaluar tu\u00a0 japon\u00e9s y determinar en que nivel empezar la preparaci\u00f3n.<\/p>\n<p style=\"text-align: justify;\">Para consultar los d\u00edas y horarios disponibles, consulta nuestro calendario de clases de nuestro programa <a href=\"http:\/\/escuelajaponesalp.com\/?page_id=2223\" target=\"_blank\" rel=\"noopener\">&#8220;JAM&#8221;<\/a>\u00a0de clases presenciales.<\/p>\n<p>&nbsp;<\/p>\n","protected":false},"excerpt":{"rendered":"<p>El Nihongo n\u014dryoku shiken (\u65e5\u672c\u8a9e\u80fd\u529b\u8a66\u9a13, Examen de Aptitud del Idioma Japon\u00e9s),cuya abreviaci\u00f3n es JLPT por sus siglas en ingl\u00e9s, o bien \u80fd\u8a66 (\u306e\u3046\u3057|N\u014dShi) o \u80fd\u9a13\uff08\u306e\u3046\u3051\u3093|N\u014dKen ), sin embargo, esta \u00faltima forma ha caido en desuso (Japanese Language Proficiency Test), es un examen de fluidez y conocimientos del idioma japon\u00e9s, an\u00e1logo al DELE, al TOEFL y [&hellip;]<\/p>\n","protected":false},"author":1,"featured_media":0,"parent":62,"menu_order":1,"comment_status":"closed","ping_status":"closed","template":"","meta":{"_genesis_hide_title":false,"_genesis_hide_breadcrumbs":false,"_genesis_hide_singular_image":false,"_genesis_hide_footer_widgets":false,"_genesis_custom_body_class":"","_genesis_custom_post_class":"","_genesis_layout":""},"_links":{"self":[{"href":"https:\/\/escuelajaponesalp.com\/index.php?rest_route=\/wp\/v2\/pages\/83"}],"collection":[{"href":"https:\/\/escuelajaponesalp.com\/index.php?rest_route=\/wp\/v2\/pages"}],"about":[{"href":"https:\/\/escuelajaponesalp.com\/index.php?rest_route=\/wp\/v2\/types\/page"}],"author":[{"embeddable":true,"href":"https:\/\/escuelajaponesalp.com\/index.php?rest_route=\/wp\/v2\/users\/1"}],"replies":[{"embeddable":true,"href":"https:\/\/escuelajaponesalp.com\/index.php?rest_route=%2Fwp%2Fv2%2Fcomments&post=83"}],"version-history":[{"count":33,"href":"https:\/\/escuelajaponesalp.com\/index.php?rest_route=\/wp\/v2\/pages\/83\/revisions"}],"predecessor-version":[{"id":2531,"href":"https:\/\/escuelajaponesalp.com\/index.php?rest_route=\/wp\/v2\/pages\/83\/revisions\/2531"}],"up":[{"embeddable":true,"href":"https:\/\/escuelajaponesalp.com\/index.php?rest_route=\/wp\/v2\/pages\/62"}],"wp:attachment":[{"href":"https:\/\/escuelajaponesalp.com\/index.php?rest_route=%2Fwp%2Fv2%2Fmedia&parent=83"}],"curies":[{"name":"wp","href":"https:\/\/api.w.org\/{rel}","templated":true}]}}